{"id":1289,"date":"2025-11-12T14:36:52","date_gmt":"2025-11-12T13:36:52","guid":{"rendered":"https:\/\/s.cjmadrid.org\/juntos\/?page_id=1289"},"modified":"2026-01-16T13:09:42","modified_gmt":"2026-01-16T12:09:42","slug":"cjm-cita-previa-2","status":"publish","type":"page","link":"https:\/\/s.cjmadrid.org\/juntos\/cjm-cita-previa-2\/","title":{"rendered":"CJM | Lista de espera"},"content":{"rendered":"<style id=\"wpforms-css-vars-1285-block-4f33ee72-5650-4b20-9826-0d92b87ab916\">\n\t\t\t\t#wpforms-1285.wpforms-block-4f33ee72-5650-4b20-9826-0d92b87ab916 {\n\t\t\t\t--wpforms-field-size-input-height: 43px;\n--wpforms-field-size-input-spacing: 15px;\n--wpforms-field-size-font-size: 16px;\n--wpforms-field-size-line-height: 19px;\n--wpforms-field-size-padding-h: 14px;\n--wpforms-field-size-checkbox-size: 16px;\n--wpforms-field-size-sublabel-spacing: 5px;\n--wpforms-field-size-icon-size: 1;\n--wpforms-label-size-font-size: 16px;\n--wpforms-label-size-line-height: 19px;\n--wpforms-label-size-sublabel-font-size: 14px;\n--wpforms-label-size-sublabel-line-height: 17px;\n--wpforms-button-size-font-size: 17px;\n--wpforms-button-size-height: 41px;\n--wpforms-button-size-padding-h: 15px;\n--wpforms-button-size-margin-top: 10px;\n--wpforms-container-shadow-size-box-shadow: none;\n\t\t\t}\n\t\t\t<\/style><div class=\"wpforms-container wpforms-container-full wpforms-block wpforms-block-4f33ee72-5650-4b20-9826-0d92b87ab916 wpforms-render-modern\" id=\"wpforms-1285\"><form id=\"wpforms-form-1285\" class=\"wpforms-validate wpforms-form wpforms-ajax-form\" data-formid=\"1285\" method=\"post\" enctype=\"multipart\/form-data\" action=\"\/juntos\/wp-json\/wp\/v2\/pages\/1289?wpforms_form_id=1285\" data-token=\"1556f9fedafcc208698a1d76ae8112b1\" data-token-time=\"1777588314\"><noscript class=\"wpforms-error-noscript\">Por favor, activa JavaScript en tu navegador para completar este formulario.<\/noscript><div id=\"wpforms-error-noscript\" style=\"display: none;\">Por favor, activa JavaScript en tu navegador para completar este formulario.<\/div><div class=\"wpforms-field-container\"><div id=\"wpforms-1285-field_34-container\" class=\"wpforms-field wpforms-field-text\" data-field-type=\"text\" data-field-id=\"34\"><label class=\"wpforms-field-label\" for=\"wpforms-1285-field_34\">Nombre <span class=\"wpforms-required-label\" aria-hidden=\"true\">*<\/span><\/label><input type=\"text\" id=\"wpforms-1285-field_34\" class=\"wpforms-field-large wpforms-field-required\" name=\"wpforms[fields][34]\" aria-errormessage=\"wpforms-1285-field_34-error\" aria-describedby=\"wpforms-1285-field_34-description\" required><div id=\"wpforms-1285-field_34-description\" class=\"wpforms-field-description\">Name\n<\/div><\/div>\t\t<div id=\"wpforms-1285-field_1-container\"\n\t\t\tclass=\"wpforms-field wpforms-field-text\"\n\t\t\tdata-field-type=\"text\"\n\t\t\tdata-field-id=\"1\"\n\t\t\t>\n\t\t\t<label class=\"wpforms-field-label\" for=\"wpforms-1285-field_1\" >opci\u00f3n de N\u00ba<\/label>\n\t\t\t<input type=\"text\" id=\"wpforms-1285-field_1\" class=\"wpforms-field-medium\" name=\"wpforms[fields][1]\" >\n\t\t<\/div>\n\t\t<div id=\"wpforms-1285-field_2-container\" class=\"wpforms-field wpforms-field-text\" data-field-type=\"text\" data-field-id=\"2\"><label class=\"wpforms-field-label\" for=\"wpforms-1285-field_2\">Primer apellido <span class=\"wpforms-required-label\" aria-hidden=\"true\">*<\/span><\/label><input type=\"text\" id=\"wpforms-1285-field_2\" class=\"wpforms-field-large wpforms-field-required\" name=\"wpforms[fields][2]\" aria-errormessage=\"wpforms-1285-field_2-error\" aria-describedby=\"wpforms-1285-field_2-description\" required><div id=\"wpforms-1285-field_2-description\" class=\"wpforms-field-description\">First Surname<\/div><\/div><div id=\"wpforms-1285-field_3-container\" class=\"wpforms-field wpforms-field-text\" data-field-type=\"text\" data-field-id=\"3\"><label class=\"wpforms-field-label\" for=\"wpforms-1285-field_3\">Segundo apellido <span class=\"wpforms-required-label\" aria-hidden=\"true\">*<\/span><\/label><input type=\"text\" id=\"wpforms-1285-field_3\" class=\"wpforms-field-large wpforms-field-required\" name=\"wpforms[fields][3]\" aria-errormessage=\"wpforms-1285-field_3-error\" aria-describedby=\"wpforms-1285-field_3-description\" required><div id=\"wpforms-1285-field_3-description\" class=\"wpforms-field-description\">Second Surname<\/div><\/div><div id=\"wpforms-1285-field_61-container\" class=\"wpforms-field wpforms-field-text\" data-field-type=\"text\" data-field-id=\"61\"><label class=\"wpforms-field-label\" for=\"wpforms-1285-field_61\">Nacionalidad <span class=\"wpforms-required-label\" aria-hidden=\"true\">*<\/span><\/label><input type=\"text\" id=\"wpforms-1285-field_61\" class=\"wpforms-field-large wpforms-field-required\" name=\"wpforms[fields][61]\" aria-errormessage=\"wpforms-1285-field_61-error\" aria-describedby=\"wpforms-1285-field_61-description\" required><div id=\"wpforms-1285-field_61-description\" class=\"wpforms-field-description\">Nationality<\/div><\/div><div id=\"wpforms-1285-field_38-container\" class=\"wpforms-field wpforms-field-email\" data-field-type=\"email\" data-field-id=\"38\"><label class=\"wpforms-field-label\" for=\"wpforms-1285-field_38\">Correo electr\u00f3nico <span class=\"wpforms-required-label\" aria-hidden=\"true\">*<\/span><\/label><input type=\"email\" id=\"wpforms-1285-field_38\" class=\"wpforms-field-large wpforms-field-required\" name=\"wpforms[fields][38]\" spellcheck=\"false\" aria-errormessage=\"wpforms-1285-field_38-error\" aria-describedby=\"wpforms-1285-field_38-description\" required><div id=\"wpforms-1285-field_38-description\" class=\"wpforms-field-description\">Email<\/div><\/div><div id=\"wpforms-1285-field_5-container\" class=\"wpforms-field wpforms-field-text\" data-field-type=\"text\" data-field-id=\"5\"><label class=\"wpforms-field-label\" for=\"wpforms-1285-field_5\">N\u00ba de tel\u00e9fono <span class=\"wpforms-required-label\" aria-hidden=\"true\">*<\/span><\/label><input type=\"text\" id=\"wpforms-1285-field_5\" class=\"wpforms-field-large wpforms-field-required\" name=\"wpforms[fields][5]\" aria-errormessage=\"wpforms-1285-field_5-error\" aria-describedby=\"wpforms-1285-field_5-description\" required><div id=\"wpforms-1285-field_5-description\" class=\"wpforms-field-description\">Mobile Phone<\/div><\/div><div id=\"wpforms-1285-field_64-container\" class=\"wpforms-field wpforms-field-select wpforms-field-select-style-classic\" data-field-type=\"select\" data-field-id=\"64\"><label class=\"wpforms-field-label\" for=\"wpforms-1285-field_64\">Elige una opci\u00f3n<\/label><select id=\"wpforms-1285-field_64\" class=\"wpforms-field-medium\" name=\"wpforms[fields][64]\"><option value=\"Estoy interesado\/a en conocer el juda\u00edsmo\"  class=\"choice-1 depth-1\"  >Estoy interesado\/a en conocer el juda\u00edsmo<\/option><option value=\"Estoy interesado\/a en conversi\u00f3n\"  class=\"choice-2 depth-1\"  >Estoy interesado\/a en conversi\u00f3n<\/option><\/select><div id=\"wpforms-1285-field_64-description\" class=\"wpforms-field-description\">Choose the option that suits you best<\/div><\/div><div id=\"wpforms-1285-field_70-container\" class=\"wpforms-field wpforms-field-content\" data-field-type=\"content\" data-field-id=\"70\"><div id=\"wpforms-1285-field_70\" class=\"wpforms-field-medium wpforms-field-row\" aria-errormessage=\"wpforms-1285-field_70-error\"><h4>Horario de atenci\u00f3n al p\u00fablico<\/h4>\n<p>De lunes a jueves de las 10:00 a las 14:30.<\/p>\n<div class=\"wpforms-field-content-display-frontend-clear\"><\/div><\/div><\/div><div id=\"wpforms-1285-field_71-container\" class=\"wpforms-field wpforms-field-content\" data-field-type=\"content\" data-field-id=\"71\"><div id=\"wpforms-1285-field_71\" class=\"wpforms-field-medium wpforms-field-row\" aria-errormessage=\"wpforms-1285-field_71-error\"><p><strong><em>La fecha y hora de la cita seleccionadas ser\u00e1n confirmadas por correo electr\u00f3nico. Tenga en cuenta que las citas no se programan para la misma semana, por lo que deber\u00e1 esperar la confirmaci\u00f3n antes de asistir.<\/em><\/strong><\/p>\n<p><strong><em>The selected date and time for the appointment will be confirmed by email. Please note that appointments are not scheduled for the same week, so you should wait for the confirmation before attending.<\/em><\/strong><\/p>\n<div class=\"wpforms-field-content-display-frontend-clear\"><\/div><\/div><\/div><div id=\"wpforms-1285-field_56-container\" class=\"wpforms-field wpforms-field-date-time\" data-field-type=\"date-time\" data-field-id=\"56\"><fieldset><legend class=\"wpforms-field-label\">Elige la fecha y hora que prefieres para la cita  <span class=\"wpforms-required-label\" aria-hidden=\"true\">*<\/span><\/legend><div class=\"wpforms-field-row wpforms-field-medium\"><div class=\"wpforms-field-row-block wpforms-date-type-datepicker\"><div class=\"wpforms-datepicker-wrap\"><input type=\"text\" id=\"wpforms-1285-field_56\" class=\"wpforms-field-date-time-date wpforms-datepicker wpforms-field-required\" data-date-format=\"m\/d\/Y\" data-disable-past-dates=\"0\" data-input=\"true\" name=\"wpforms[fields][56][date]\" aria-errormessage=\"wpforms-1285-field_56-error\" aria-describedby=\"wpforms-1285-field_56-description\" required><a title=\"Borrar fecha\" data-clear role=\"button\" tabindex=\"0\" class=\"wpforms-datepicker-clear\" aria-label=\"Borrar fecha\" style=\"display:none;\"><\/a><\/div><label for=\"wpforms-1285-field_56\" class=\"wpforms-field-sublabel after\">Fecha<\/label><\/div><div class=\"wpforms-field-row-block\"><input type=\"text\" id=\"wpforms-1285-field_56-time\" class=\"wpforms-field-date-time-time wpforms-timepicker wpforms-field-required\" data-time-format=\"g:i A\" data-step=\"30\" data-rule-time12h=\"true\" name=\"wpforms[fields][56][time]\" aria-errormessage=\"wpforms-1285-field_56-time-error\" aria-describedby=\"wpforms-1285-field_56-description\" required><label for=\"wpforms-1285-field_56-time\" class=\"wpforms-field-sublabel after\">Hora<\/label><\/div><\/div><div id=\"wpforms-1285-field_56-description\" class=\"wpforms-field-description\">Please indicate your preferred date &amp; time for your appointment<\/div><\/fieldset><\/div><div id=\"wpforms-1285-field_62-container\" class=\"wpforms-field wpforms-field-text\" data-field-type=\"text\" data-field-id=\"62\"><label class=\"wpforms-field-label\" for=\"wpforms-1285-field_62\">No. de DNI \/ NIE \/ Pasaporte <span class=\"wpforms-required-label\" aria-hidden=\"true\">*<\/span><\/label><input type=\"text\" id=\"wpforms-1285-field_62\" class=\"wpforms-field-medium wpforms-field-required\" name=\"wpforms[fields][62]\" aria-errormessage=\"wpforms-1285-field_62-error\" aria-describedby=\"wpforms-1285-field_62-description\" required><div id=\"wpforms-1285-field_62-description\" class=\"wpforms-field-description\">No. of ID\/ NIE \/ Passport<\/div><\/div><div id=\"wpforms-1285-field_58-container\" class=\"wpforms-field wpforms-field-file-upload\" data-field-type=\"file-upload\" data-field-id=\"58\"><label class=\"wpforms-field-label\" for=\"wpforms-1285-field_58\">Agrega tu pasaporte\/DNI por favor. <span class=\"wpforms-required-label\" aria-hidden=\"true\">*<\/span><\/label><div\n\t\tclass=\"wpforms-uploader wpforms-field-required\"\n\t\tdata-field-id=\"58\"\n\t\tdata-form-id=\"1285\"\n\t\tdata-input-name=\"wpforms_1285_58\"\n\t\tdata-extensions=\"jpg,pdf\"\n\t\tdata-max-size=\"33554432\"\n\t\tdata-max-file-number=\"1\"\n\t\tdata-post-max-size=\"33554432\"\n\t\tdata-max-parallel-uploads=\"4\"\n\t\tdata-parallel-uploads=\"true\"\n\t\tdata-file-chunk-size=\"2097152\">\n\t<div class=\"dz-message\">\n\t\t<svg  viewBox=\"0 0 640 640\" focusable=\"false\" data-icon=\"inbox\" width=\"50px\" height=\"50px\" fill=\"currentColor\" aria-hidden=\"true\">\n\t\t\t<path d=\"M352 173.3L352 384C352 401.7 337.7 416 320 416C302.3 416 288 401.7 288 384L288 173.3L246.6 214.7C234.1 227.2 213.8 227.2 201.3 214.7C188.8 202.2 188.8 181.9 201.3 169.4L297.3 73.4C309.8 60.9 330.1 60.9 342.6 73.4L438.6 169.4C451.1 181.9 451.1 202.2 438.6 214.7C426.1 227.2 405.8 227.2 393.3 214.7L352 173.3zM320 464C364.2 464 400 428.2 400 384L480 384C515.3 384 544 412.7 544 448L544 480C544 515.3 515.3 544 480 544L160 544C124.7 544 96 515.3 96 480L96 448C96 412.7 124.7 384 160 384L240 384C240 428.2 275.8 464 320 464zM464 488C477.3 488 488 477.3 488 464C488 450.7 477.3 440 464 440C450.7 440 440 450.7 440 464C440 477.3 450.7 488 464 488z\"\/>\n\t\t<\/svg>\n\n\t\t<span class=\"modern-title\">\n\t\t\t\t\t\t\tDrag &amp; Drop Files, \t\t\t\t<span>Choose Files to Upload<\/span>\n\t\t\t\t\t<\/span>\n\n\t\t\t<\/div>\n<\/div>\n\n<input\n\t\ttype=\"text\"\n\t\tautocomplete=\"off\"\n\t\treadonly\n\t\tclass=\"dropzone-input\"\n\t\tstyle=\"position:absolute!important;clip:rect(0,0,0,0)!important;height:1px!important;width:1px!important;border:0!important;overflow:hidden!important;padding:0!important;margin:0!important;\"\n\t\tid=\"wpforms-1285-field_58\"\n\t\tname=\"wpforms_1285_58\" required\t\tvalue=\"\">\n<div id=\"wpforms-1285-field_58-description\" class=\"wpforms-field-description\">Please attach your passport or ID. <\/div><\/div><div id=\"wpforms-1285-field_45-container\" class=\"wpforms-field wpforms-field-select wpforms-field-select-style-classic\" data-field-type=\"select\" data-field-id=\"45\"><label class=\"wpforms-field-label\" for=\"wpforms-1285-field_45\">He le\u00eddo la informaci\u00f3n \/ I have read the information: <span class=\"wpforms-required-label\" aria-hidden=\"true\">*<\/span><\/label><select id=\"wpforms-1285-field_45\" class=\"wpforms-field-medium wpforms-field-required\" name=\"wpforms[fields][45]\" required=\"required\"><option value=\"S\u00ed\"  class=\"choice-1 depth-1\"  >S\u00ed<\/option><\/select><div id=\"wpforms-1285-field_45-description\" class=\"wpforms-field-description\">He le\u00eddo la informaci\u00f3n sobre cl\u00e1usulas de privacidad y consentimiento de protecci\u00f3n de datos recogida en \/ I have read the information on privacy and data protection in https:\/\/www.cjmadrid.org\/lei <\/div><\/div><script>\n\t\t\t\t( function() {\n\t\t\t\t\tconst style = document.createElement( 'style' );\n\t\t\t\t\tstyle.appendChild( document.createTextNode( '#wpforms-1285-field_1-container { position: absolute !important; overflow: hidden !important; display: inline !important; height: 1px !important; width: 1px !important; z-index: -1000 !important; padding: 0 !important; } #wpforms-1285-field_1-container input { visibility: hidden; } #wpforms-conversational-form-page #wpforms-1285-field_1-container label { counter-increment: none; }' ) );\n\t\t\t\t\tdocument.head.appendChild( style );\n\t\t\t\t\tdocument.currentScript?.remove();\n\t\t\t\t} )();\n\t\t\t<\/script><\/div><!-- .wpforms-field-container --><div class=\"wpforms-submit-container\" ><input type=\"hidden\" name=\"wpforms[id]\" value=\"1285\"><input type=\"hidden\" name=\"page_title\" value=\"\"><input type=\"hidden\" name=\"page_url\" value=\"https:\/\/s.cjmadrid.org\/juntos\/wp-json\/wp\/v2\/pages\/1289\"><input type=\"hidden\" name=\"url_referer\" value=\"\"><button type=\"submit\" name=\"wpforms[submit]\" id=\"wpforms-submit-1285\" class=\"wpforms-submit\" data-alt-text=\"Enviando...\" data-submit-text=\"Enviar\" aria-live=\"assertive\" value=\"wpforms-submit\">Enviar<\/button><img decoding=\"async\" src=\"https:\/\/s.cjmadrid.org\/juntos\/wp-content\/plugins\/wpforms\/assets\/images\/submit-spin.svg\" class=\"wpforms-submit-spinner\" style=\"display: none;\" width=\"26\" height=\"26\" alt=\"Cargando\"><\/div><\/form><\/div>  <!-- .wpforms-container -->","protected":false},"excerpt":{"rendered":"","protected":false},"author":3,"featured_media":0,"parent":0,"menu_order":0,"comment_status":"closed","ping_status":"closed","template":"","meta":{"footnotes":""},"class_list":["post-1289","page","type-page","status-publish","hentry"],"_links":{"self":[{"href":"https:\/\/s.cjmadrid.org\/juntos\/wp-json\/wp\/v2\/pages\/1289","targetHints":{"allow":["GET"]}}],"collection":[{"href":"https:\/\/s.cjmadrid.org\/juntos\/wp-json\/wp\/v2\/pages"}],"about":[{"href":"https:\/\/s.cjmadrid.org\/juntos\/wp-json\/wp\/v2\/types\/page"}],"author":[{"embeddable":true,"href":"https:\/\/s.cjmadrid.org\/juntos\/wp-json\/wp\/v2\/users\/3"}],"replies":[{"embeddable":true,"href":"https:\/\/s.cjmadrid.org\/juntos\/wp-json\/wp\/v2\/comments?post=1289"}],"version-history":[{"count":2,"href":"https:\/\/s.cjmadrid.org\/juntos\/wp-json\/wp\/v2\/pages\/1289\/revisions"}],"predecessor-version":[{"id":1584,"href":"https:\/\/s.cjmadrid.org\/juntos\/wp-json\/wp\/v2\/pages\/1289\/revisions\/1584"}],"wp:attachment":[{"href":"https:\/\/s.cjmadrid.org\/juntos\/wp-json\/wp\/v2\/media?parent=1289"}],"curies":[{"name":"wp","href":"https:\/\/api.w.org\/{rel}","templated":true}]}}